{"id":104,"date":"2024-03-07T19:30:13","date_gmt":"2024-03-07T18:30:13","guid":{"rendered":"https:\/\/agencedigitale369.com\/?post_type=product&#038;p=104"},"modified":"2024-04-06T10:37:42","modified_gmt":"2024-04-06T08:37:42","slug":"audit","status":"publish","type":"product","link":"https:\/\/agencedigitale369.com\/index.php\/product\/audit\/","title":{"rendered":"Audit complet : cl\u00e9s en mains"},"content":{"rendered":"<h4>Nous vous donnerons les cl\u00e9s pour prendre le contr\u00f4le de votre pr\u00e9sence sur les r\u00e9seaux sociaux et g\u00e9n\u00e9rer un retour sur investissement concret.<\/h4>\n<p>&nbsp;<\/p>\n<h4>Analyse approfondie de vos comptes :<\/h4>\n<p>\u25cf Audit complet de chaque plateforme: Facebook, Instagram, LinkedIn, Youtube, Tiktok et X sur 4 semaines.<\/p>\n<p>\u25cf Analyse de l&#8217;audience: D\u00e9mographie, localisation, centres d&#8217;int\u00e9r\u00eat, comportement, watch time, taux d\u2019abonnements, taux de visionnage pour les abonn\u00e9s et non abonn\u00e9s.<\/p>\n<p>\u25cf \u00c9valuation du contenu: Qualit\u00e9, pertinence, engagement, coh\u00e9rence avec votre image de marque, chute du watch time, taux de revisionnage, r\u00e9actions.<\/p>\n<p>\u25cf Analyse des performances: Taux d&#8217;engagement, reach, impressions, clics, conversions.<\/p>\n<p>\u25cf Benchmarking de la concurrence: Identifier les meilleures pratiques et les points \u00e0 am\u00e9liorer. Identifier les concurrents directs et proposer des solutions de diff\u00e9renciation.<\/p>\n<p>\u25cf Identification les vuln\u00e9rabilit\u00e9s du syst\u00e8me d&#8217;information.<\/p>\n<p>\u25cf \u00c9valuation les risques encourus.<\/p>\n<p>&nbsp;<\/p>\n<h4><strong>D\u00e9finition de vos objectifs :<\/strong><\/h4>\n<p>\u25cf Comprendre vos besoins et attentes.<\/p>\n<p>\u25cf D\u00e9finir des objectifs SMART: Sp\u00e9cifiques, Mesurables, Atteignables, R\u00e9alistes et Temporellement d\u00e9finis.<\/p>\n<p>\u25cf Vous proposer des solutions concr\u00e8tes et adapt\u00e9es \u00e0 vos besoins pour renforcer votre s\u00e9curit\u00e9.<\/p>\n<p>\u25cf Identifier les KPI (Key Performance Indicators) pertinents.<\/p>\n<p>&nbsp;<\/p>\n<h4><strong>Recommandations strat\u00e9giques :<\/strong><\/h4>\n<p>\u25cf \u00c9laborer une strat\u00e9gie de contenu personnalis\u00e9e adapt\u00e9e \u00e0 votre image ou \u00e0 l\u2019image que vous souhaiteriez avoir.<\/p>\n<p>\u25cf Optimiser vos profils et pages gr\u00e2ce \u00e0 des processus simples et efficaces.<\/p>\n<p>\u25cf D\u00e9velopper une ligne \u00e9ditoriale captivante, qui suscitera le manque, l\u2019envie ou l\u2019admiration chez vos viewers.<\/p>\n<p>\u25cf Mettre en place un calendrier de publication r\u00e9gulier et r\u00e9alisable.<\/p>\n<p>\u25cf Diversifier les formats de contenu (vid\u00e9os, stories, infographies, etc.).<\/p>\n<p>\u25cf Utiliser les bons hashtags et mots-cl\u00e9s, technique SEO personnalis\u00e9e.<\/p>\n<p>\u25cf Mettre en place des campagnes publicitaires cibl\u00e9es.<\/p>\n<p>\u25cf Analyser et optimiser vos performances en continu.<\/p>\n<p>&nbsp;<\/p>\n<h4>Formation et accompagnement :<\/h4>\n<p>\u25cf Former vos \u00e9quipes \u00e0 la gestion des r\u00e9seaux sociaux.<\/p>\n<p>\u25cf Sensibiliser l&#8217;\u00e9quipe aux param\u00e9trages des r\u00e9seaux qui ont \u00e9t\u00e9 \u00e9labor\u00e9s et test\u00e9s par nos soins.<\/p>\n<p>\u25cf Accompagner la mise en place de la strat\u00e9gie et du maintien du param\u00e9trage .<\/p>\n<p>\u25cf Fournir un support technique et strat\u00e9gique pour une meilleure continuit\u00e9.<\/p>\n<p>\u25cf Sensibiliser les salari\u00e9s aux bonne pratique s\u00e9curitaires.<\/p>\n<p>\u25cf Former vos \u00e9quipes aux fait de reconna\u00eetre des potentielles intrusions.<\/p>\n<p>&nbsp;<\/p>\n<h4><strong>Reporting et suivi des r\u00e9sultats :<\/strong><\/h4>\n<p>\u25cf Mettre en place un syst\u00e8me de reporting transparent.<\/p>\n<p>\u25cf Analyser les r\u00e9sultats et les performances de mani\u00e8re r\u00e9guli\u00e8re.<\/p>\n<p>\u25cf Ajuster la strat\u00e9gie en fonction des r\u00e9sultats.<\/p>\n<p>\u25cf Communiquer les r\u00e9sultats et l&#8217;impact de la strat\u00e9gie \u00e0 votre \u00e9quipe.<\/p>\n<p>\u25cf Mettre en place des syst\u00e8me de s\u00e9curisation durable et contr\u00f4lables.<\/p>\n<p>&nbsp;<\/p>\n<h4>Ne vous laissez pas distancer par vos concurrents.<\/h4>\n<h4>Ensemble, passons \u00e0 la vitesse sup\u00e9rieure !<\/h4>\n","protected":false},"excerpt":{"rendered":"<h4>Notre analyse approfondie et personnalis\u00e9e de votre pr\u00e9sence digitale vous offre une strat\u00e9gie sur-mesure et un plan d&#8217;action concret pour maximiser vos r\u00e9sultats.<\/h4>\n<h4>Nous vous accompagnons dans une gestion digitale optimale et une cybers\u00e9curit\u00e9 \u00e0 toute \u00e9preuve.<\/h4>\n","protected":false},"featured_media":331,"comment_status":"open","ping_status":"closed","template":"","meta":[],"product_brand":[],"product_cat":[15],"product_tag":[],"class_list":{"0":"post-104","1":"product","2":"type-product","3":"status-publish","4":"has-post-thumbnail","6":"product_cat-uncategorized","8":"first","9":"instock","10":"shipping-taxable","11":"purchasable","12":"product-type-simple"},"_links":{"self":[{"href":"https:\/\/agencedigitale369.com\/index.php\/wp-json\/wp\/v2\/product\/104","targetHints":{"allow":["GET"]}}],"collection":[{"href":"https:\/\/agencedigitale369.com\/index.php\/wp-json\/wp\/v2\/product"}],"about":[{"href":"https:\/\/agencedigitale369.com\/index.php\/wp-json\/wp\/v2\/types\/product"}],"replies":[{"embeddable":true,"href":"https:\/\/agencedigitale369.com\/index.php\/wp-json\/wp\/v2\/comments?post=104"}],"wp:featuredmedia":[{"embeddable":true,"href":"https:\/\/agencedigitale369.com\/index.php\/wp-json\/wp\/v2\/media\/331"}],"wp:attachment":[{"href":"https:\/\/agencedigitale369.com\/index.php\/wp-json\/wp\/v2\/media?parent=104"}],"wp:term":[{"taxonomy":"product_brand","embeddable":true,"href":"https:\/\/agencedigitale369.com\/index.php\/wp-json\/wp\/v2\/product_brand?post=104"},{"taxonomy":"product_cat","embeddable":true,"href":"https:\/\/agencedigitale369.com\/index.php\/wp-json\/wp\/v2\/product_cat?post=104"},{"taxonomy":"product_tag","embeddable":true,"href":"https:\/\/agencedigitale369.com\/index.php\/wp-json\/wp\/v2\/product_tag?post=104"}],"curies":[{"name":"wp","href":"https:\/\/api.w.org\/{rel}","templated":true}]}}