{"id":105,"date":"2024-03-07T19:30:20","date_gmt":"2024-03-07T18:30:20","guid":{"rendered":"https:\/\/agencedigitale369.com\/?post_type=product&#038;p=105"},"modified":"2024-04-06T10:14:20","modified_gmt":"2024-04-06T08:14:20","slug":"produit-2","status":"publish","type":"product","link":"https:\/\/agencedigitale369.com\/index.php\/product\/produit-2\/","title":{"rendered":"Strat\u00e9gie de communication : pack complet"},"content":{"rendered":"<h4>\u25cf D\u00e9finir vos objectifs SMART:<\/h4>\n<p>\u25cb D\u00e9terminer ce que vous souhaitez atteindre avec votre pr\u00e9sence sur les r\u00e9seaux sociaux.<\/p>\n<p>\u25cb Fixer des objectifs pr\u00e9cis, mesurables, atteignables, r\u00e9alistes et temporellement d\u00e9finis.<\/p>\n<p>&nbsp;<\/p>\n<h4>\u25cf D\u00e9finir votre ligne \u00e9ditoriale:<\/h4>\n<p>\u25cb D\u00e9terminer le ton, le style et les formats de contenu qui correspondent \u00e0 votre image de marque et \u00e0 votre audience.<\/p>\n<p>\u25cb Identifier les th\u00e9matiques et sujets que vous allez aborder.<\/p>\n<p>&nbsp;<\/p>\n<h4>\u25cf D\u00e9finir votre plan d&#8217;action:<\/h4>\n<p>\u25cb D\u00e9terminer les plateformes les plus adapt\u00e9es \u00e0 vos objectifs et \u00e0 votre audience.<\/p>\n<p>\u25cb D\u00e9finir un calendrier de publication r\u00e9gulier et coh\u00e9rent.<\/p>\n<p>\u25cb Identifier les outils et les ressources n\u00e9cessaires \u00e0 la mise en \u0153uvre de votre strat\u00e9gie.<\/p>\n<p>&nbsp;<\/p>\n<p>&nbsp;<\/p>\n<h3>Mise en place de la strat\u00e9gie.<\/h3>\n<p>&nbsp;<\/p>\n<h4>\u25cf Cr\u00e9ation de contenu de qualit\u00e9:<\/h4>\n<p>\u25cb R\u00e9diger des contenus engageants, informatifs et pertinents pour votre audience.<\/p>\n<p>\u25cb Diversifier les formats de contenu (textes, images, vid\u00e9os, infographies, etc.).<\/p>\n<p>\u25cb Optimiser vos contenus pour le r\u00e9f\u00e9rencement naturel (SEO).<\/p>\n<p>&nbsp;<\/p>\n<h4>\u25cf Publication et animation de vos comptes:<\/h4>\n<p>\u25cb Publier r\u00e9guli\u00e8rement du contenu sur les plateformes choisies.<\/p>\n<p>\u25cb Interagir avec votre audience en r\u00e9pondant aux commentaires et aux messages.<\/p>\n<p>\u25cb Organiser des jeux concours et des animations pour booster votre engagement.<\/p>\n<p>&nbsp;<\/p>\n<p>&nbsp;<\/p>\n<h3>Collaboration et accompagnement.<\/h3>\n<p>&nbsp;<\/p>\n<h4>\u25cf Travail en \u00e9troite collaboration avec vous:<\/h4>\n<p>\u25cb Vous tenir inform\u00e9 des avanc\u00e9es et des r\u00e9sultats de la strat\u00e9gie.<\/p>\n<p>\u25cb Vous proposer des ajustements et des optimisations.<\/p>\n<p>\u25cb Recueillir vos avis et vos feedbacks.<\/p>\n<p>&nbsp;<\/p>\n<h4>\u25cf Support technique et strat\u00e9gique:<\/h4>\n<p>\u25cb Vous apporter un support technique et strat\u00e9gique pour la gestion de vos comptes.<\/p>\n<p>\u25cb Vous conseiller sur les outils et les solutions les plus adapt\u00e9s \u00e0 vos besoins.<\/p>\n<p>&nbsp;<\/p>\n<h4><strong>Ne laissez pas vos concurrents prendre une avance consid\u00e9rable.<\/strong><\/h4>\n<h4><strong>Ensemble, propulsons votre pr\u00e9sence digitale vers de nouveaux sommets !<\/strong><\/h4>\n","protected":false},"excerpt":{"rendered":"<h4><strong>Notre \u00e9quipe d&#8217;experts chevronn\u00e9s cr\u00e9e une strat\u00e9gie de contenu personnalis\u00e9e et performante pour atteindre vos objectifs marketing et maximiser votre impact.<\/strong><\/h4>\n<h4><strong>Notre approche de data analysis nous permet d&#8217;\u00e9tudier vos performances et d&#8217;ajuster votre strat\u00e9gie en permanence pour optimiser vos r\u00e9sultats.<\/strong><\/h4>\n","protected":false},"featured_media":349,"comment_status":"open","ping_status":"closed","template":"","meta":[],"product_brand":[],"product_cat":[15],"product_tag":[],"class_list":{"0":"post-105","1":"product","2":"type-product","3":"status-publish","4":"has-post-thumbnail","6":"product_cat-uncategorized","8":"first","9":"instock","10":"shipping-taxable","11":"purchasable","12":"product-type-simple"},"_links":{"self":[{"href":"https:\/\/agencedigitale369.com\/index.php\/wp-json\/wp\/v2\/product\/105","targetHints":{"allow":["GET"]}}],"collection":[{"href":"https:\/\/agencedigitale369.com\/index.php\/wp-json\/wp\/v2\/product"}],"about":[{"href":"https:\/\/agencedigitale369.com\/index.php\/wp-json\/wp\/v2\/types\/product"}],"replies":[{"embeddable":true,"href":"https:\/\/agencedigitale369.com\/index.php\/wp-json\/wp\/v2\/comments?post=105"}],"wp:featuredmedia":[{"embeddable":true,"href":"https:\/\/agencedigitale369.com\/index.php\/wp-json\/wp\/v2\/media\/349"}],"wp:attachment":[{"href":"https:\/\/agencedigitale369.com\/index.php\/wp-json\/wp\/v2\/media?parent=105"}],"wp:term":[{"taxonomy":"product_brand","embeddable":true,"href":"https:\/\/agencedigitale369.com\/index.php\/wp-json\/wp\/v2\/product_brand?post=105"},{"taxonomy":"product_cat","embeddable":true,"href":"https:\/\/agencedigitale369.com\/index.php\/wp-json\/wp\/v2\/product_cat?post=105"},{"taxonomy":"product_tag","embeddable":true,"href":"https:\/\/agencedigitale369.com\/index.php\/wp-json\/wp\/v2\/product_tag?post=105"}],"curies":[{"name":"wp","href":"https:\/\/api.w.org\/{rel}","templated":true}]}}