{"id":106,"date":"2024-03-07T19:30:32","date_gmt":"2024-03-07T18:30:32","guid":{"rendered":"https:\/\/agencedigitale369.com\/?post_type=product&#038;p=106"},"modified":"2026-01-28T10:12:20","modified_gmt":"2026-01-28T09:12:20","slug":"produit-3","status":"publish","type":"product","link":"https:\/\/agencedigitale369.com\/index.php\/product\/produit-3\/","title":{"rendered":"La Formation social m\u00e9dia : Gestion totale des r\u00e9seaux"},"content":{"rendered":"<h4><strong>1. Diagnostic approfondi de votre situation :<\/strong><\/h4>\n<p>\u25cf Compr\u00e9hension fine de vos objectifs commerciaux et marketing.<\/p>\n<p>\u25cf \u00c9valuation pr\u00e9cise de votre niveau de connaissance et d&#8217;exp\u00e9rience.<\/p>\n<p>\u25cf Identification des points forts et des points \u00e0 am\u00e9liorer de votre pr\u00e9sence actuelle.<\/p>\n<p>\u25cf Identification et apprentissage de la gestion des risques de cybers\u00e9curit\u00e9.<\/p>\n<p>\u25cf Analyse des risques s\u00e9curitaires.<\/p>\n<p>\u25cf D\u00e9termination des besoins sp\u00e9cifiques en mati\u00e8re de formation.<\/p>\n<p>&nbsp;<\/p>\n<h4><strong>2. Contenu p\u00e9dagogique personnalis\u00e9 et modulable :<\/strong><\/h4>\n<p>\u25cf Modules couvrant les th\u00e9matiques essentielles : strat\u00e9gie, cr\u00e9ation de contenu, engagement, gestion et analyse des risques de cybers\u00e9curit\u00e9.<\/p>\n<p>\u25cf Approche p\u00e9dagogique interactive et participative favorisant l&#8217;apprentissage.<\/p>\n<p>\u25cf \u00c9tudes de cas r\u00e9els et simulations pour une mise en pratique concr\u00e8te.<\/p>\n<p>\u25cf Mise \u00e0 disposition de ressources compl\u00e9mentaires et d&#8217;un support p\u00e9dagogique complet.<\/p>\n<p>&nbsp;<\/p>\n<h4><strong>3. Une \u00e9quipe d&#8217;experts \u00e0 votre service :<\/strong><\/h4>\n<p>\u25cf Formateurs exp\u00e9riment\u00e9s et certifi\u00e9s, dot\u00e9s d&#8217;une expertise av\u00e9r\u00e9e en social media et cybers\u00e9curit\u00e9.<\/p>\n<p>\u25cf Passionn\u00e9s par la transmission de leur savoir-faire et p\u00e9dagogues.<\/p>\n<p>\u25cf A l&#8217;\u00e9coute de vos besoins et attentifs \u00e0 vos attentes sp\u00e9cifiques.<\/p>\n<p>&nbsp;<\/p>\n<h4><strong>4. Suivi et accompagnement individualis\u00e9 :<\/strong><\/h4>\n<p>\u25cf Sessions de coaching individuel ou en groupe pour un renforcement des acquis.<\/p>\n<p>\u25cf Support p\u00e9dagogique et technique r\u00e9actif et accessible apr\u00e8s la formation.<\/p>\n<p>\u25cf Conseils et astuces pour une optimisation continue de votre strat\u00e9gie. Ne laissez pas vos concurrents vous passer devant.<\/p>\n<p>&nbsp;<\/p>\n<h4><strong>Investissez d\u00e8s aujourd&#8217;hui dans le d\u00e9veloppement des comp\u00e9tences de vos \u00e9quipes et placez votre entreprise sur une visibilit\u00e9 maximale!<\/strong><\/h4>\n<h4><strong>Formation sur 2 semaines, les lundis, mardis, jeudis et vendredis apr\u00e8s-midis.<\/strong><\/h4>\n","protected":false},"excerpt":{"rendered":"<h4>Nos modules de formation sur-mesure vous permettent d&#8217;acqu\u00e9rir les comp\u00e9tences et les connaissances n\u00e9cessaires pour g\u00e9rer et s\u00e9curiser vos r\u00e9seaux sociaux de mani\u00e8re efficace et autonome sans passer par la case \u00ab recrutement \u00bb.<\/h4>\n<h4>Nos formations vous guident dans la mise en place d&#8217;une gestion digitale performante. Notre formation est interactive et dynamique, elle vous garantit une mont\u00e9e en comp\u00e9tences rapide et efficace et un maintien de la s\u00e9curit\u00e9 sans faille.<\/h4>\n","protected":false},"featured_media":335,"comment_status":"open","ping_status":"closed","template":"","meta":[],"product_brand":[],"product_cat":[15],"product_tag":[],"class_list":{"0":"post-106","1":"product","2":"type-product","3":"status-publish","4":"has-post-thumbnail","6":"product_cat-uncategorized","8":"first","9":"instock","10":"shipping-taxable","11":"purchasable","12":"product-type-simple"},"_links":{"self":[{"href":"https:\/\/agencedigitale369.com\/index.php\/wp-json\/wp\/v2\/product\/106","targetHints":{"allow":["GET"]}}],"collection":[{"href":"https:\/\/agencedigitale369.com\/index.php\/wp-json\/wp\/v2\/product"}],"about":[{"href":"https:\/\/agencedigitale369.com\/index.php\/wp-json\/wp\/v2\/types\/product"}],"replies":[{"embeddable":true,"href":"https:\/\/agencedigitale369.com\/index.php\/wp-json\/wp\/v2\/comments?post=106"}],"wp:featuredmedia":[{"embeddable":true,"href":"https:\/\/agencedigitale369.com\/index.php\/wp-json\/wp\/v2\/media\/335"}],"wp:attachment":[{"href":"https:\/\/agencedigitale369.com\/index.php\/wp-json\/wp\/v2\/media?parent=106"}],"wp:term":[{"taxonomy":"product_brand","embeddable":true,"href":"https:\/\/agencedigitale369.com\/index.php\/wp-json\/wp\/v2\/product_brand?post=106"},{"taxonomy":"product_cat","embeddable":true,"href":"https:\/\/agencedigitale369.com\/index.php\/wp-json\/wp\/v2\/product_cat?post=106"},{"taxonomy":"product_tag","embeddable":true,"href":"https:\/\/agencedigitale369.com\/index.php\/wp-json\/wp\/v2\/product_tag?post=106"}],"curies":[{"name":"wp","href":"https:\/\/api.w.org\/{rel}","templated":true}]}}